{"id":250,"date":"2019-05-04T00:32:36","date_gmt":"2019-05-03T22:32:36","guid":{"rendered":"http:\/\/creationcedre.fr\/?page_id=250"},"modified":"2021-01-16T17:37:07","modified_gmt":"2021-01-16T16:37:07","slug":"nos-produits","status":"publish","type":"page","link":"https:\/\/creationcedre.fr\/?page_id=250","title":{"rendered":"Du projet \u00e0 l&rsquo;assemblage"},"content":{"rendered":"\n<h3><strong>D\u00e9coupe sur mesure<\/strong><\/h3>\n\n\n\n<p><em>Creationcedre<\/em> est votre partenaire pour toutes\nles d\u00e9coupes sur mesure, quel que soit votre projet.<\/p>\n\n\n\n<p>Faites nous part de votre projet et envies et\nnous ne manquerons pas de vous r\u00e9pondre dans les plus brefs d\u00e9lais.<\/p>\n\n\n\n<h3> <strong>Exemple de Projets<\/strong><\/h3>\n\n\n\n<ul><li>Projet de portail<\/li><\/ul>\n\n\n\n<figure class=\"is-layout-flex wp-block-gallery-1 wp-block-gallery columns-3 is-cropped\"><ul class=\"blocks-gallery-grid\"><li class=\"blocks-gallery-item\"><figure><img decoding=\"async\" loading=\"lazy\" width=\"900\" height=\"675\" src=\"https:\/\/creationcedre.fr\/wp-content\/uploads\/2019\/05\/Portail-fab-1.jpg\" alt=\"\" data-id=\"306\" data-link=\"https:\/\/creationcedre.fr\/index.php\/nos-produits\/portail-fab-1\/\" class=\"wp-image-306\" srcset=\"https:\/\/creationcedre.fr\/wp-content\/uploads\/2019\/05\/Portail-fab-1.jpg 900w, https:\/\/creationcedre.fr\/wp-content\/uploads\/2019\/05\/Portail-fab-1-300x225.jpg 300w, https:\/\/creationcedre.fr\/wp-content\/uploads\/2019\/05\/Portail-fab-1-768x576.jpg 768w\" sizes=\"(max-width: 900px) 100vw, 900px\" \/><figcaption class=\"blocks-gallery-item__caption\">Projet<\/figcaption><\/figure><\/li><li class=\"blocks-gallery-item\"><figure><img decoding=\"async\" loading=\"lazy\" width=\"675\" height=\"900\" src=\"https:\/\/creationcedre.fr\/wp-content\/uploads\/2019\/05\/Portail-fab-2.jpg\" alt=\"\" data-id=\"307\" data-link=\"https:\/\/creationcedre.fr\/index.php\/nos-produits\/portail-fab-2\/\" class=\"wp-image-307\" srcset=\"https:\/\/creationcedre.fr\/wp-content\/uploads\/2019\/05\/Portail-fab-2.jpg 675w, https:\/\/creationcedre.fr\/wp-content\/uploads\/2019\/05\/Portail-fab-2-225x300.jpg 225w\" sizes=\"(max-width: 675px) 100vw, 675px\" \/><figcaption class=\"blocks-gallery-item__caption\">Apr\u00e8s d\u00e9bit<\/figcaption><\/figure><\/li><li class=\"blocks-gallery-item\"><figure><img decoding=\"async\" loading=\"lazy\" width=\"1024\" height=\"768\" src=\"https:\/\/creationcedre.fr\/wp-content\/uploads\/2020\/02\/Portail-Fab-3-1024x768.jpg\" alt=\"\" data-id=\"444\" data-link=\"https:\/\/creationcedre.fr\/index.php\/nos-produits\/portail-fab-3\/\" class=\"wp-image-444\" srcset=\"https:\/\/creationcedre.fr\/wp-content\/uploads\/2020\/02\/Portail-Fab-3-1024x768.jpg 1024w, https:\/\/creationcedre.fr\/wp-content\/uploads\/2020\/02\/Portail-Fab-3-300x225.jpg 300w, https:\/\/creationcedre.fr\/wp-content\/uploads\/2020\/02\/Portail-Fab-3-768x576.jpg 768w, https:\/\/creationcedre.fr\/wp-content\/uploads\/2020\/02\/Portail-Fab-3-1536x1152.jpg 1536w, https:\/\/creationcedre.fr\/wp-content\/uploads\/2020\/02\/Portail-Fab-3-2048x1536.jpg 2048w\" sizes=\"(max-width: 1024px) 100vw, 1024px\" \/><figcaption class=\"blocks-gallery-item__caption\"> Apr\u00e8s assemblage <\/figcaption><\/figure><\/li><\/ul><\/figure>\n\n\n\n<ul><li>Projet cuisine<\/li><\/ul>\n\n\n\n<figure class=\"is-layout-flex wp-block-gallery-3 wp-block-gallery columns-3 is-cropped\"><ul class=\"blocks-gallery-grid\"><li class=\"blocks-gallery-item\"><figure><img decoding=\"async\" loading=\"lazy\" width=\"720\" height=\"960\" src=\"https:\/\/creationcedre.fr\/wp-content\/uploads\/2021\/01\/image002-8.jpg\" alt=\"\" data-id=\"710\" data-full-url=\"https:\/\/creationcedre.fr\/wp-content\/uploads\/2021\/01\/image002-8.jpg\" data-link=\"https:\/\/creationcedre.fr\/index.php\/nos-produits\/image002-8\/\" class=\"wp-image-710\" srcset=\"https:\/\/creationcedre.fr\/wp-content\/uploads\/2021\/01\/image002-8.jpg 720w, https:\/\/creationcedre.fr\/wp-content\/uploads\/2021\/01\/image002-8-225x300.jpg 225w\" sizes=\"(max-width: 720px) 100vw, 720px\" \/><\/figure><\/li><li class=\"blocks-gallery-item\"><figure><img decoding=\"async\" loading=\"lazy\" width=\"1024\" height=\"768\" src=\"https:\/\/creationcedre.fr\/wp-content\/uploads\/2021\/01\/image003-7-1024x768.jpg\" alt=\"\" data-id=\"685\" data-link=\"https:\/\/creationcedre.fr\/index.php\/nos-produits\/image003-7\/\" class=\"wp-image-685\" srcset=\"https:\/\/creationcedre.fr\/wp-content\/uploads\/2021\/01\/image003-7-1024x768.jpg 1024w, https:\/\/creationcedre.fr\/wp-content\/uploads\/2021\/01\/image003-7-300x225.jpg 300w, https:\/\/creationcedre.fr\/wp-content\/uploads\/2021\/01\/image003-7-768x576.jpg 768w, https:\/\/creationcedre.fr\/wp-content\/uploads\/2021\/01\/image003-7-1536x1152.jpg 1536w, https:\/\/creationcedre.fr\/wp-content\/uploads\/2021\/01\/image003-7.jpg 2000w\" sizes=\"(max-width: 1024px) 100vw, 1024px\" \/><figcaption class=\"blocks-gallery-item__caption\">Apr\u00e8s d\u00e9bit<\/figcaption><\/figure><\/li><li class=\"blocks-gallery-item\"><figure><img decoding=\"async\" loading=\"lazy\" width=\"679\" height=\"509\" src=\"https:\/\/creationcedre.fr\/wp-content\/uploads\/2021\/01\/image004-7.jpg\" alt=\"\" data-id=\"686\" data-link=\"https:\/\/creationcedre.fr\/index.php\/nos-produits\/image004-7\/\" class=\"wp-image-686\" srcset=\"https:\/\/creationcedre.fr\/wp-content\/uploads\/2021\/01\/image004-7.jpg 679w, https:\/\/creationcedre.fr\/wp-content\/uploads\/2021\/01\/image004-7-300x225.jpg 300w\" sizes=\"(max-width: 679px) 100vw, 679px\" \/><figcaption class=\"blocks-gallery-item__caption\">Apr\u00e8s assemblage<\/figcaption><\/figure><\/li><\/ul><\/figure>\n\n\n\n<ul><li>Projet de cuisine enti\u00e8re<\/li><\/ul>\n\n\n\n<figure class=\"is-layout-flex wp-block-gallery-5 wp-block-gallery columns-3 is-cropped\"><ul class=\"blocks-gallery-grid\"><li class=\"blocks-gallery-item\"><figure><img decoding=\"async\" loading=\"lazy\" width=\"900\" height=\"675\" src=\"https:\/\/creationcedre.fr\/wp-content\/uploads\/2019\/05\/Projet-mickael-1.jpg\" alt=\"\" data-id=\"314\" data-link=\"https:\/\/creationcedre.fr\/index.php\/nos-produits\/projet-mickael-1\/\" class=\"wp-image-314\" srcset=\"https:\/\/creationcedre.fr\/wp-content\/uploads\/2019\/05\/Projet-mickael-1.jpg 900w, https:\/\/creationcedre.fr\/wp-content\/uploads\/2019\/05\/Projet-mickael-1-300x225.jpg 300w, https:\/\/creationcedre.fr\/wp-content\/uploads\/2019\/05\/Projet-mickael-1-768x576.jpg 768w\" sizes=\"(max-width: 900px) 100vw, 900px\" \/><figcaption class=\"blocks-gallery-item__caption\"> <br>Projet <\/figcaption><\/figure><\/li><li class=\"blocks-gallery-item\"><figure><img decoding=\"async\" loading=\"lazy\" width=\"675\" height=\"900\" src=\"https:\/\/creationcedre.fr\/wp-content\/uploads\/2019\/05\/Projet-mickael_2-1.jpg\" alt=\"\" data-id=\"316\" data-link=\"https:\/\/creationcedre.fr\/index.php\/nos-produits\/projet-mickael_2-1\/\" class=\"wp-image-316\" srcset=\"https:\/\/creationcedre.fr\/wp-content\/uploads\/2019\/05\/Projet-mickael_2-1.jpg 675w, https:\/\/creationcedre.fr\/wp-content\/uploads\/2019\/05\/Projet-mickael_2-1-225x300.jpg 225w\" sizes=\"(max-width: 675px) 100vw, 675px\" \/><figcaption class=\"blocks-gallery-item__caption\"> <br>Apr\u00e8s d\u00e9bit <\/figcaption><\/figure><\/li><li class=\"blocks-gallery-item\"><figure><img decoding=\"async\" loading=\"lazy\" width=\"320\" height=\"240\" src=\"https:\/\/creationcedre.fr\/wp-content\/uploads\/2021\/01\/image001-11.jpg\" alt=\"\" data-id=\"712\" data-full-url=\"https:\/\/creationcedre.fr\/wp-content\/uploads\/2021\/01\/image001-11.jpg\" data-link=\"https:\/\/creationcedre.fr\/index.php\/nos-produits\/image001-11\/\" class=\"wp-image-712\" srcset=\"https:\/\/creationcedre.fr\/wp-content\/uploads\/2021\/01\/image001-11.jpg 320w, https:\/\/creationcedre.fr\/wp-content\/uploads\/2021\/01\/image001-11-300x225.jpg 300w\" sizes=\"(max-width: 320px) 100vw, 320px\" \/><\/figure><\/li><\/ul><\/figure>\n\n\n\n<ul><li>Projet d&rsquo;\u00e9tag\u00e8re<\/li><\/ul>\n\n\n\n<figure class=\"is-layout-flex wp-block-gallery-7 wp-block-gallery columns-2 is-cropped\"><ul class=\"blocks-gallery-grid\"><li class=\"blocks-gallery-item\"><figure><img decoding=\"async\" loading=\"lazy\" width=\"900\" height=\"675\" src=\"https:\/\/creationcedre.fr\/wp-content\/uploads\/2019\/05\/Etagere-david-1.jpg\" alt=\"\" data-id=\"318\" data-link=\"https:\/\/creationcedre.fr\/index.php\/nos-produits\/etagere-david-1\/\" class=\"wp-image-318\" srcset=\"https:\/\/creationcedre.fr\/wp-content\/uploads\/2019\/05\/Etagere-david-1.jpg 900w, https:\/\/creationcedre.fr\/wp-content\/uploads\/2019\/05\/Etagere-david-1-300x225.jpg 300w, https:\/\/creationcedre.fr\/wp-content\/uploads\/2019\/05\/Etagere-david-1-768x576.jpg 768w\" sizes=\"(max-width: 900px) 100vw, 900px\" \/><figcaption class=\"blocks-gallery-item__caption\"> <br>Projet <\/figcaption><\/figure><\/li><li class=\"blocks-gallery-item\"><figure><img decoding=\"async\" loading=\"lazy\" width=\"1024\" height=\"768\" src=\"https:\/\/creationcedre.fr\/wp-content\/uploads\/2020\/02\/Etagere-david-2-avant-instalation-1024x768.jpg\" alt=\"\" data-id=\"447\" data-full-url=\"https:\/\/creationcedre.fr\/wp-content\/uploads\/2020\/02\/Etagere-david-2-avant-instalation-scaled.jpg\" data-link=\"https:\/\/creationcedre.fr\/index.php\/nos-produits\/etagere-david-2-avant-instalation\/\" class=\"wp-image-447\" srcset=\"https:\/\/creationcedre.fr\/wp-content\/uploads\/2020\/02\/Etagere-david-2-avant-instalation-1024x768.jpg 1024w, https:\/\/creationcedre.fr\/wp-content\/uploads\/2020\/02\/Etagere-david-2-avant-instalation-300x225.jpg 300w, https:\/\/creationcedre.fr\/wp-content\/uploads\/2020\/02\/Etagere-david-2-avant-instalation-768x576.jpg 768w, https:\/\/creationcedre.fr\/wp-content\/uploads\/2020\/02\/Etagere-david-2-avant-instalation-1536x1152.jpg 1536w, https:\/\/creationcedre.fr\/wp-content\/uploads\/2020\/02\/Etagere-david-2-avant-instalation-2048x1536.jpg 2048w\" sizes=\"(max-width: 1024px) 100vw, 1024px\" \/><figcaption class=\"blocks-gallery-item__caption\"> Apr\u00e8s assemblage <\/figcaption><\/figure><\/li><\/ul><\/figure>\n\n\n\n<ul><li>Projet Banc<\/li><\/ul>\n\n\n\n<figure class=\"is-layout-flex wp-block-gallery-9 wp-block-gallery columns-2 is-cropped\"><ul class=\"blocks-gallery-grid\"><li class=\"blocks-gallery-item\"><figure><img decoding=\"async\" loading=\"lazy\" width=\"1024\" height=\"768\" src=\"https:\/\/creationcedre.fr\/wp-content\/uploads\/2020\/02\/Elise-1-Projet-1024x768.jpeg\" alt=\"\" data-id=\"449\" data-full-url=\"https:\/\/creationcedre.fr\/wp-content\/uploads\/2020\/02\/Elise-1-Projet.jpeg\" data-link=\"https:\/\/creationcedre.fr\/index.php\/nos-produits\/elise-1-projet\/\" class=\"wp-image-449\" srcset=\"https:\/\/creationcedre.fr\/wp-content\/uploads\/2020\/02\/Elise-1-Projet-1024x768.jpeg 1024w, https:\/\/creationcedre.fr\/wp-content\/uploads\/2020\/02\/Elise-1-Projet-300x225.jpeg 300w, https:\/\/creationcedre.fr\/wp-content\/uploads\/2020\/02\/Elise-1-Projet-768x576.jpeg 768w, https:\/\/creationcedre.fr\/wp-content\/uploads\/2020\/02\/Elise-1-Projet-1536x1152.jpeg 1536w, https:\/\/creationcedre.fr\/wp-content\/uploads\/2020\/02\/Elise-1-Projet.jpeg 2048w\" sizes=\"(max-width: 1024px) 100vw, 1024px\" \/><figcaption class=\"blocks-gallery-item__caption\"> Projet  <\/figcaption><\/figure><\/li><li class=\"blocks-gallery-item\"><figure><img decoding=\"async\" loading=\"lazy\" width=\"1024\" height=\"768\" src=\"https:\/\/creationcedre.fr\/wp-content\/uploads\/2020\/02\/Elise-2-avant-instalation-1024x768.jpg\" alt=\"\" data-id=\"450\" data-full-url=\"https:\/\/creationcedre.fr\/wp-content\/uploads\/2020\/02\/Elise-2-avant-instalation-scaled.jpg\" data-link=\"https:\/\/creationcedre.fr\/index.php\/nos-produits\/elise-2-avant-instalation\/\" class=\"wp-image-450\" srcset=\"https:\/\/creationcedre.fr\/wp-content\/uploads\/2020\/02\/Elise-2-avant-instalation-1024x768.jpg 1024w, https:\/\/creationcedre.fr\/wp-content\/uploads\/2020\/02\/Elise-2-avant-instalation-300x225.jpg 300w, https:\/\/creationcedre.fr\/wp-content\/uploads\/2020\/02\/Elise-2-avant-instalation-768x576.jpg 768w, https:\/\/creationcedre.fr\/wp-content\/uploads\/2020\/02\/Elise-2-avant-instalation-1536x1152.jpg 1536w, https:\/\/creationcedre.fr\/wp-content\/uploads\/2020\/02\/Elise-2-avant-instalation-2048x1536.jpg 2048w\" sizes=\"(max-width: 1024px) 100vw, 1024px\" \/><figcaption class=\"blocks-gallery-item__caption\"> Apr\u00e8s assemblage  <\/figcaption><\/figure><\/li><\/ul><\/figure>\n\n\n\n<ul><li>Projet d&rsquo;\u00e9tag\u00e8re 2<\/li><\/ul>\n\n\n\n<figure class=\"is-layout-flex wp-block-gallery-11 wp-block-gallery columns-2 is-cropped\"><ul class=\"blocks-gallery-grid\"><li class=\"blocks-gallery-item\"><figure><img decoding=\"async\" loading=\"lazy\" width=\"900\" height=\"675\" src=\"https:\/\/creationcedre.fr\/wp-content\/uploads\/2019\/05\/Etagere-Mat-moreau-1.jpg\" alt=\"\" data-id=\"321\" data-link=\"https:\/\/creationcedre.fr\/index.php\/nos-produits\/etagere-mat-moreau-1\/\" class=\"wp-image-321\" srcset=\"https:\/\/creationcedre.fr\/wp-content\/uploads\/2019\/05\/Etagere-Mat-moreau-1.jpg 900w, https:\/\/creationcedre.fr\/wp-content\/uploads\/2019\/05\/Etagere-Mat-moreau-1-300x225.jpg 300w, https:\/\/creationcedre.fr\/wp-content\/uploads\/2019\/05\/Etagere-Mat-moreau-1-768x576.jpg 768w\" sizes=\"(max-width: 900px) 100vw, 900px\" \/><figcaption class=\"blocks-gallery-item__caption\"> <br>Projet <\/figcaption><\/figure><\/li><li class=\"blocks-gallery-item\"><figure><img decoding=\"async\" loading=\"lazy\" width=\"768\" height=\"1024\" src=\"https:\/\/creationcedre.fr\/wp-content\/uploads\/2020\/02\/Etyagere-Mat-moreau-3-apres-instalation-1-768x1024.jpg\" alt=\"\" data-id=\"457\" data-full-url=\"https:\/\/creationcedre.fr\/wp-content\/uploads\/2020\/02\/Etyagere-Mat-moreau-3-apres-instalation-1-scaled.jpg\" data-link=\"https:\/\/creationcedre.fr\/index.php\/nos-produits\/etyagere-mat-moreau-3-apres-instalation-1\/\" class=\"wp-image-457\" srcset=\"https:\/\/creationcedre.fr\/wp-content\/uploads\/2020\/02\/Etyagere-Mat-moreau-3-apres-instalation-1-768x1024.jpg 768w, https:\/\/creationcedre.fr\/wp-content\/uploads\/2020\/02\/Etyagere-Mat-moreau-3-apres-instalation-1-225x300.jpg 225w, https:\/\/creationcedre.fr\/wp-content\/uploads\/2020\/02\/Etyagere-Mat-moreau-3-apres-instalation-1-1152x1536.jpg 1152w, https:\/\/creationcedre.fr\/wp-content\/uploads\/2020\/02\/Etyagere-Mat-moreau-3-apres-instalation-1-1536x2048.jpg 1536w, https:\/\/creationcedre.fr\/wp-content\/uploads\/2020\/02\/Etyagere-Mat-moreau-3-apres-instalation-1-scaled.jpg 1920w\" sizes=\"(max-width: 768px) 100vw, 768px\" \/><\/figure><\/li><\/ul><\/figure>\n\n\n\n<p>Expliquez par email votre projet :<\/p>\n\n\n\n<ul><li>dessin, photo, sh\u00e9ma (de pr\u00e9f\u00e9rence)<ul><li>cote (longueur, largeur, \u00e9paisseur)<\/li><\/ul><ul><li>bord d\u00e9lign\u00e9 ou naturel<\/li><\/ul><ul><li>planche livr\u00e9e brute ou vernis<\/li><\/ul><ul><li>&#8230;<\/li><\/ul><\/li><\/ul>\n\n\n\n<p>Nous reviendrons vers vous avec une offre de\nprix.<\/p>\n\n\n\n<p>Nous pouvons cr\u00e9er directement dans notre atelier des pieds peints ou en acier brut pour une solution cl\u00e9 en main !<\/p>\n\n\n\n<figure class=\"is-layout-flex wp-block-gallery-13 wp-block-gallery columns-3 is-cropped\"><ul class=\"blocks-gallery-grid\"><li class=\"blocks-gallery-item\"><figure><img decoding=\"async\" loading=\"lazy\" width=\"1024\" height=\"768\" src=\"https:\/\/creationcedre.fr\/wp-content\/uploads\/2020\/02\/Z-Pieds-1-Pieds-rectantgulaire-soudure-meul\u00e9-1024x768.jpg\" alt=\"\" data-id=\"452\" data-full-url=\"https:\/\/creationcedre.fr\/wp-content\/uploads\/2020\/02\/Z-Pieds-1-Pieds-rectantgulaire-soudure-meul\u00e9-scaled.jpg\" data-link=\"https:\/\/creationcedre.fr\/index.php\/nos-produits\/z-pieds-1-pieds-rectantgulaire-soudure-meule\/\" class=\"wp-image-452\" srcset=\"https:\/\/creationcedre.fr\/wp-content\/uploads\/2020\/02\/Z-Pieds-1-Pieds-rectantgulaire-soudure-meul\u00e9-1024x768.jpg 1024w, https:\/\/creationcedre.fr\/wp-content\/uploads\/2020\/02\/Z-Pieds-1-Pieds-rectantgulaire-soudure-meul\u00e9-300x225.jpg 300w, https:\/\/creationcedre.fr\/wp-content\/uploads\/2020\/02\/Z-Pieds-1-Pieds-rectantgulaire-soudure-meul\u00e9-768x576.jpg 768w, https:\/\/creationcedre.fr\/wp-content\/uploads\/2020\/02\/Z-Pieds-1-Pieds-rectantgulaire-soudure-meul\u00e9-1536x1152.jpg 1536w, https:\/\/creationcedre.fr\/wp-content\/uploads\/2020\/02\/Z-Pieds-1-Pieds-rectantgulaire-soudure-meul\u00e9-2048x1536.jpg 2048w\" sizes=\"(max-width: 1024px) 100vw, 1024px\" \/><\/figure><\/li><li class=\"blocks-gallery-item\"><figure><img decoding=\"async\" loading=\"lazy\" width=\"768\" height=\"1024\" src=\"https:\/\/creationcedre.fr\/wp-content\/uploads\/2020\/02\/Z-Pieds-2-Pied-unique-768x1024.jpg\" alt=\"\" data-id=\"453\" data-full-url=\"https:\/\/creationcedre.fr\/wp-content\/uploads\/2020\/02\/Z-Pieds-2-Pied-unique-scaled.jpg\" data-link=\"https:\/\/creationcedre.fr\/index.php\/nos-produits\/z-pieds-2-pied-unique\/\" class=\"wp-image-453\" srcset=\"https:\/\/creationcedre.fr\/wp-content\/uploads\/2020\/02\/Z-Pieds-2-Pied-unique-768x1024.jpg 768w, https:\/\/creationcedre.fr\/wp-content\/uploads\/2020\/02\/Z-Pieds-2-Pied-unique-225x300.jpg 225w, https:\/\/creationcedre.fr\/wp-content\/uploads\/2020\/02\/Z-Pieds-2-Pied-unique-1152x1536.jpg 1152w, https:\/\/creationcedre.fr\/wp-content\/uploads\/2020\/02\/Z-Pieds-2-Pied-unique-1536x2048.jpg 1536w, https:\/\/creationcedre.fr\/wp-content\/uploads\/2020\/02\/Z-Pieds-2-Pied-unique-scaled.jpg 1920w\" sizes=\"(max-width: 768px) 100vw, 768px\" \/><\/figure><\/li><li class=\"blocks-gallery-item\"><figure><img decoding=\"async\" loading=\"lazy\" width=\"768\" height=\"1024\" src=\"https:\/\/creationcedre.fr\/wp-content\/uploads\/2020\/02\/Z-pieds-4-structure-sur-mesure-768x1024.jpg\" alt=\"\" data-id=\"454\" data-full-url=\"https:\/\/creationcedre.fr\/wp-content\/uploads\/2020\/02\/Z-pieds-4-structure-sur-mesure.jpg\" data-link=\"https:\/\/creationcedre.fr\/index.php\/nos-produits\/z-pieds-4-structure-sur-mesure\/\" class=\"wp-image-454\" srcset=\"https:\/\/creationcedre.fr\/wp-content\/uploads\/2020\/02\/Z-pieds-4-structure-sur-mesure-768x1023.jpg 768w, https:\/\/creationcedre.fr\/wp-content\/uploads\/2020\/02\/Z-pieds-4-structure-sur-mesure-225x300.jpg 225w, https:\/\/creationcedre.fr\/wp-content\/uploads\/2020\/02\/Z-pieds-4-structure-sur-mesure-1153x1536.jpg 1153w, https:\/\/creationcedre.fr\/wp-content\/uploads\/2020\/02\/Z-pieds-4-structure-sur-mesure.jpg 1200w\" sizes=\"(max-width: 768px) 100vw, 768px\" \/><\/figure><\/li><\/ul><\/figure>\n\n\n\n<h3><strong>Pi\u00e8ce unique<\/strong><\/h3>\n\n\n\n<p>Quelques r\u00e9alisations disponibles dans notre\natelier. Originalit\u00e9 garantie !!!<\/p>\n","protected":false},"excerpt":{"rendered":"<p>D\u00e9coupe sur mesure Creationcedre est votre partenaire pour toutes les d\u00e9coupes sur mesure, quel que soit votre projet. Faites nous part de votre projet et envies et nous ne manquerons pas de vous r\u00e9pondre dans&hellip;<\/p>\n","protected":false},"author":1,"featured_media":0,"parent":0,"menu_order":0,"comment_status":"closed","ping_status":"closed","template":"","meta":[],"_links":{"self":[{"href":"https:\/\/creationcedre.fr\/index.php?rest_route=\/wp\/v2\/pages\/250"}],"collection":[{"href":"https:\/\/creationcedre.fr\/index.php?rest_route=\/wp\/v2\/pages"}],"about":[{"href":"https:\/\/creationcedre.fr\/index.php?rest_route=\/wp\/v2\/types\/page"}],"author":[{"embeddable":true,"href":"https:\/\/creationcedre.fr\/index.php?rest_route=\/wp\/v2\/users\/1"}],"replies":[{"embeddable":true,"href":"https:\/\/creationcedre.fr\/index.php?rest_route=%2Fwp%2Fv2%2Fcomments&post=250"}],"version-history":[{"count":16,"href":"https:\/\/creationcedre.fr\/index.php?rest_route=\/wp\/v2\/pages\/250\/revisions"}],"predecessor-version":[{"id":713,"href":"https:\/\/creationcedre.fr\/index.php?rest_route=\/wp\/v2\/pages\/250\/revisions\/713"}],"wp:attachment":[{"href":"https:\/\/creationcedre.fr\/index.php?rest_route=%2Fwp%2Fv2%2Fmedia&parent=250"}],"curies":[{"name":"wp","href":"https:\/\/api.w.org\/{rel}","templated":true}]}}