{"id":7,"date":"2018-12-18T13:35:59","date_gmt":"2018-12-18T12:35:59","guid":{"rendered":"http:\/\/creationcedre.fr\/?page_id=7"},"modified":"2023-03-01T21:18:07","modified_gmt":"2023-03-01T20:18:07","slug":"accueil","status":"publish","type":"page","link":"https:\/\/creationcedre.fr\/","title":{"rendered":""},"content":{"rendered":"<div class=\"wp-block-image\">\n<figure class=\"aligncenter size-large\"><img decoding=\"async\" loading=\"lazy\" width=\"1024\" height=\"192\" src=\"https:\/\/creationcedre.fr\/wp-content\/uploads\/2020\/02\/BANDEAU-FINAL-1-1024x192.jpg\" alt=\"\" class=\"wp-image-348\" srcset=\"https:\/\/creationcedre.fr\/wp-content\/uploads\/2020\/02\/BANDEAU-FINAL-1-1024x192.jpg 1024w, https:\/\/creationcedre.fr\/wp-content\/uploads\/2020\/02\/BANDEAU-FINAL-1-300x56.jpg 300w, https:\/\/creationcedre.fr\/wp-content\/uploads\/2020\/02\/BANDEAU-FINAL-1-768x144.jpg 768w, https:\/\/creationcedre.fr\/wp-content\/uploads\/2020\/02\/BANDEAU-FINAL-1.jpg 1299w\" sizes=\"(max-width: 1024px) 100vw, 1024px\" \/><\/figure><\/div>\n\n\n<h3><strong>Nos valeurs<\/strong><\/h3>\n\n\n\n<p>Nous travaillons au maximum avec le r\u00e9seau d\u2019\u00e9lagueur local pour racheter des arbres devenus trop imposants ou tomb\u00e9s \u00e0 cause d\u2019une temp\u00eate. L\u2019objectif est de limiter la perte de beaux sp\u00e9cimens vou\u00e9s \u00e0 \u00eatre transform\u00e9s en bois de chauffage\u2026 et de favoriser un circuit court pour limiter le cout final de nos r\u00e9alisations.<\/p>\n\n\n\n<h3><strong>Pourquoi le c\u00e8dre <\/strong><\/h3>\n\n\n\n<p>L\u2019avantage principal du c\u00e8dre est qu\u2019une fois sec, il bouge peu dans le temps, contrairement \u00e0 d\u2019autres essences de bois comme le ch\u00eane, l&rsquo;h\u00eatre, le freine, le merisier, le ch\u00e2taigner\u2026 Cet avantage permet de faire des r\u00e9alisations avec le minimum de planche pour conserver au maximum la forme du tronc de l\u2019arbre et le c\u00f4t\u00e9 naturel du bois.<\/p>\n\n\n\n<p>Le bois est un produit vivant ! Gr\u00e2ce\nau c\u00e8dre, nos r\u00e9alisations ne se fissurent et ne se d\u00e9forment que tr\u00e8s peu.<\/p>\n\n\n\n<p>De plus, le c\u00e8dre contient naturellement dans sa s\u00e8ve des composants qui combattent les champignons, les emp\u00eachant de prendre r\u00e9sidence et d\u2019endommager le bois.<\/p>\n\n\n\n<div class=\"wp-block-cover is-light\"><span aria-hidden=\"true\" class=\"wp-block-cover__background has-background-dim\"><\/span><video class=\"wp-block-cover__video-background intrinsic-ignore\" autoplay muted loop playsinline src=\"https:\/\/creationcedre.fr\/wp-content\/uploads\/2021\/01\/SDC_005_10-1.webm\" data-object-fit=\"cover\"><\/video><div class=\"wp-block-cover__inner-container\">\n<p class=\"has-text-align-center has-large-font-size\"><\/p>\n<\/div><\/div>\n\n\n\n<p><strong>Merci \u00e0 nos clients pour leurs contributions photographiques ayant permis de r\u00e9aliser ce site internet.<\/strong><\/p>\n\n\n\n<figure class=\"is-layout-flex wp-block-gallery-1 wp-block-gallery has-nested-images columns-default is-cropped\">\n<figure class=\"wp-block-image size-large\"><img decoding=\"async\" loading=\"lazy\" width=\"270\" height=\"450\" data-id=\"354\"  src=\"https:\/\/creationcedre.fr\/wp-content\/uploads\/2020\/02\/4.jpg\" alt=\"\" class=\"wp-image-354\" srcset=\"https:\/\/creationcedre.fr\/wp-content\/uploads\/2020\/02\/4.jpg 270w, https:\/\/creationcedre.fr\/wp-content\/uploads\/2020\/02\/4-180x300.jpg 180w\" sizes=\"(max-width: 270px) 100vw, 270px\" \/><\/figure>\n\n\n\n<figure class=\"wp-block-image size-large\"><img decoding=\"async\" loading=\"lazy\" width=\"768\" height=\"1024\" data-id=\"353\"  src=\"https:\/\/creationcedre.fr\/wp-content\/uploads\/2020\/02\/3-768x1024.jpg\" alt=\"\" class=\"wp-image-353\" srcset=\"https:\/\/creationcedre.fr\/wp-content\/uploads\/2020\/02\/3-768x1024.jpg 768w, https:\/\/creationcedre.fr\/wp-content\/uploads\/2020\/02\/3-225x300.jpg 225w, https:\/\/creationcedre.fr\/wp-content\/uploads\/2020\/02\/3-1152x1536.jpg 1152w, https:\/\/creationcedre.fr\/wp-content\/uploads\/2020\/02\/3-1536x2048.jpg 1536w, https:\/\/creationcedre.fr\/wp-content\/uploads\/2020\/02\/3-scaled.jpg 1920w\" sizes=\"(max-width: 768px) 100vw, 768px\" \/><\/figure>\n\n\n\n<figure class=\"wp-block-image size-large\"><img decoding=\"async\" loading=\"lazy\" width=\"1024\" height=\"768\" data-id=\"438\"  src=\"https:\/\/creationcedre.fr\/wp-content\/uploads\/2020\/02\/IMG_20200214_150847-1-1024x768.jpg\" alt=\"\" class=\"wp-image-438\" srcset=\"https:\/\/creationcedre.fr\/wp-content\/uploads\/2020\/02\/IMG_20200214_150847-1-1024x768.jpg 1024w, https:\/\/creationcedre.fr\/wp-content\/uploads\/2020\/02\/IMG_20200214_150847-1-300x225.jpg 300w, https:\/\/creationcedre.fr\/wp-content\/uploads\/2020\/02\/IMG_20200214_150847-1-768x576.jpg 768w, https:\/\/creationcedre.fr\/wp-content\/uploads\/2020\/02\/IMG_20200214_150847-1-1536x1152.jpg 1536w, https:\/\/creationcedre.fr\/wp-content\/uploads\/2020\/02\/IMG_20200214_150847-1-2048x1536.jpg 2048w\" sizes=\"(max-width: 1024px) 100vw, 1024px\" \/><\/figure>\n\n\n\n<figure class=\"wp-block-image size-large\"><img decoding=\"async\" loading=\"lazy\" width=\"1024\" height=\"768\" data-id=\"678\"  src=\"https:\/\/creationcedre.fr\/wp-content\/uploads\/2021\/01\/image001-8-1024x768.jpg\" alt=\"\" class=\"wp-image-678\" srcset=\"https:\/\/creationcedre.fr\/wp-content\/uploads\/2021\/01\/image001-8-1024x768.jpg 1024w, https:\/\/creationcedre.fr\/wp-content\/uploads\/2021\/01\/image001-8-300x225.jpg 300w, https:\/\/creationcedre.fr\/wp-content\/uploads\/2021\/01\/image001-8-768x576.jpg 768w, https:\/\/creationcedre.fr\/wp-content\/uploads\/2021\/01\/image001-8-1536x1152.jpg 1536w, https:\/\/creationcedre.fr\/wp-content\/uploads\/2021\/01\/image001-8.jpg 2000w\" sizes=\"(max-width: 1024px) 100vw, 1024px\" \/><\/figure>\n\n\n\n<figure class=\"wp-block-image size-large\"><img decoding=\"async\" loading=\"lazy\" width=\"1000\" height=\"750\" data-id=\"679\"  src=\"https:\/\/creationcedre.fr\/wp-content\/uploads\/2021\/01\/image004-6.jpg\" alt=\"\" class=\"wp-image-679\" srcset=\"https:\/\/creationcedre.fr\/wp-content\/uploads\/2021\/01\/image004-6.jpg 1000w, https:\/\/creationcedre.fr\/wp-content\/uploads\/2021\/01\/image004-6-300x225.jpg 300w, https:\/\/creationcedre.fr\/wp-content\/uploads\/2021\/01\/image004-6-768x576.jpg 768w\" sizes=\"(max-width: 1000px) 100vw, 1000px\" \/><\/figure>\n\n\n\n<figure class=\"wp-block-image size-large\"><img decoding=\"async\" loading=\"lazy\" width=\"1024\" height=\"768\" data-id=\"355\"  src=\"https:\/\/creationcedre.fr\/wp-content\/uploads\/2020\/02\/5-1024x768.jpg\" alt=\"\" class=\"wp-image-355\" srcset=\"https:\/\/creationcedre.fr\/wp-content\/uploads\/2020\/02\/5-1024x768.jpg 1024w, https:\/\/creationcedre.fr\/wp-content\/uploads\/2020\/02\/5-300x225.jpg 300w, https:\/\/creationcedre.fr\/wp-content\/uploads\/2020\/02\/5-768x576.jpg 768w, https:\/\/creationcedre.fr\/wp-content\/uploads\/2020\/02\/5-1536x1152.jpg 1536w, https:\/\/creationcedre.fr\/wp-content\/uploads\/2020\/02\/5-2048x1536.jpg 2048w\" sizes=\"(max-width: 1024px) 100vw, 1024px\" \/><\/figure>\n\n\n\n<figure class=\"wp-block-image size-large\"><img decoding=\"async\" loading=\"lazy\" width=\"1024\" height=\"768\" data-id=\"359\"  src=\"https:\/\/creationcedre.fr\/wp-content\/uploads\/2020\/02\/7-1024x768.jpg\" alt=\"\" class=\"wp-image-359\" srcset=\"https:\/\/creationcedre.fr\/wp-content\/uploads\/2020\/02\/7-1024x768.jpg 1024w, https:\/\/creationcedre.fr\/wp-content\/uploads\/2020\/02\/7-300x225.jpg 300w, https:\/\/creationcedre.fr\/wp-content\/uploads\/2020\/02\/7-768x576.jpg 768w, https:\/\/creationcedre.fr\/wp-content\/uploads\/2020\/02\/7-1536x1152.jpg 1536w, https:\/\/creationcedre.fr\/wp-content\/uploads\/2020\/02\/7-2048x1536.jpg 2048w\" sizes=\"(max-width: 1024px) 100vw, 1024px\" \/><\/figure>\n\n\n\n<figure class=\"wp-block-image size-large\"><img decoding=\"async\" loading=\"lazy\" width=\"1024\" height=\"768\" data-id=\"361\"  src=\"https:\/\/creationcedre.fr\/wp-content\/uploads\/2020\/02\/9-1024x768.jpg\" alt=\"\" class=\"wp-image-361\" srcset=\"https:\/\/creationcedre.fr\/wp-content\/uploads\/2020\/02\/9-1024x768.jpg 1024w, https:\/\/creationcedre.fr\/wp-content\/uploads\/2020\/02\/9-300x225.jpg 300w, https:\/\/creationcedre.fr\/wp-content\/uploads\/2020\/02\/9-768x576.jpg 768w, https:\/\/creationcedre.fr\/wp-content\/uploads\/2020\/02\/9-1536x1152.jpg 1536w, https:\/\/creationcedre.fr\/wp-content\/uploads\/2020\/02\/9-2048x1536.jpg 2048w\" sizes=\"(max-width: 1024px) 100vw, 1024px\" \/><\/figure>\n\n\n\n<figure class=\"wp-block-image size-large\"><img decoding=\"async\" loading=\"lazy\" width=\"768\" height=\"1024\" data-id=\"362\"  src=\"https:\/\/creationcedre.fr\/wp-content\/uploads\/2020\/02\/10-768x1024.jpg\" alt=\"\" class=\"wp-image-362\" srcset=\"https:\/\/creationcedre.fr\/wp-content\/uploads\/2020\/02\/10-768x1024.jpg 768w, https:\/\/creationcedre.fr\/wp-content\/uploads\/2020\/02\/10-225x300.jpg 225w, https:\/\/creationcedre.fr\/wp-content\/uploads\/2020\/02\/10.jpg 1080w\" sizes=\"(max-width: 768px) 100vw, 768px\" \/><\/figure>\n<\/figure>\n\n\n\n<figure class=\"is-layout-flex wp-block-gallery-3 wp-block-gallery has-nested-images columns-default is-cropped\">\n<figure class=\"wp-block-image size-large\"><img decoding=\"async\" loading=\"lazy\" width=\"1024\" height=\"768\" data-id=\"854\"  src=\"https:\/\/creationcedre.fr\/wp-content\/uploads\/2023\/03\/Acceuil-2-1024x768.jpg\" alt=\"\" class=\"wp-image-854\" srcset=\"https:\/\/creationcedre.fr\/wp-content\/uploads\/2023\/03\/Acceuil-2-1024x768.jpg 1024w, https:\/\/creationcedre.fr\/wp-content\/uploads\/2023\/03\/Acceuil-2-300x225.jpg 300w, https:\/\/creationcedre.fr\/wp-content\/uploads\/2023\/03\/Acceuil-2-768x576.jpg 768w, https:\/\/creationcedre.fr\/wp-content\/uploads\/2023\/03\/Acceuil-2-1536x1152.jpg 1536w, https:\/\/creationcedre.fr\/wp-content\/uploads\/2023\/03\/Acceuil-2.jpg 2000w\" sizes=\"(max-width: 1024px) 100vw, 1024px\" \/><\/figure>\n\n\n\n<figure class=\"wp-block-image size-large\"><img decoding=\"async\" loading=\"lazy\" width=\"1024\" height=\"768\" data-id=\"855\"  src=\"https:\/\/creationcedre.fr\/wp-content\/uploads\/2023\/03\/Acceuil-3-1024x768.jpg\" alt=\"\" class=\"wp-image-855\" srcset=\"https:\/\/creationcedre.fr\/wp-content\/uploads\/2023\/03\/Acceuil-3-1024x768.jpg 1024w, https:\/\/creationcedre.fr\/wp-content\/uploads\/2023\/03\/Acceuil-3-300x225.jpg 300w, https:\/\/creationcedre.fr\/wp-content\/uploads\/2023\/03\/Acceuil-3-768x576.jpg 768w, https:\/\/creationcedre.fr\/wp-content\/uploads\/2023\/03\/Acceuil-3-1536x1152.jpg 1536w, https:\/\/creationcedre.fr\/wp-content\/uploads\/2023\/03\/Acceuil-3.jpg 2000w\" sizes=\"(max-width: 1024px) 100vw, 1024px\" \/><\/figure>\n\n\n\n<figure class=\"wp-block-image size-large\"><img decoding=\"async\" loading=\"lazy\" width=\"1024\" height=\"768\" data-id=\"856\"  src=\"https:\/\/creationcedre.fr\/wp-content\/uploads\/2023\/03\/Acceuil-1-1024x768.jpg\" alt=\"\" class=\"wp-image-856\" srcset=\"https:\/\/creationcedre.fr\/wp-content\/uploads\/2023\/03\/Acceuil-1-1024x768.jpg 1024w, https:\/\/creationcedre.fr\/wp-content\/uploads\/2023\/03\/Acceuil-1-300x225.jpg 300w, https:\/\/creationcedre.fr\/wp-content\/uploads\/2023\/03\/Acceuil-1-768x576.jpg 768w, https:\/\/creationcedre.fr\/wp-content\/uploads\/2023\/03\/Acceuil-1-1536x1152.jpg 1536w, https:\/\/creationcedre.fr\/wp-content\/uploads\/2023\/03\/Acceuil-1.jpg 2000w\" sizes=\"(max-width: 1024px) 100vw, 1024px\" \/><\/figure>\n<\/figure>\n","protected":false},"excerpt":{"rendered":"<p>Nos valeurs Nous travaillons au maximum avec le r\u00e9seau d\u2019\u00e9lagueur local pour racheter des arbres devenus trop imposants ou tomb\u00e9s \u00e0 cause d\u2019une temp\u00eate. L\u2019objectif est de limiter la perte de beaux sp\u00e9cimens vou\u00e9s \u00e0&hellip;<\/p>\n","protected":false},"author":1,"featured_media":0,"parent":0,"menu_order":0,"comment_status":"closed","ping_status":"closed","template":"","meta":[],"_links":{"self":[{"href":"https:\/\/creationcedre.fr\/index.php?rest_route=\/wp\/v2\/pages\/7"}],"collection":[{"href":"https:\/\/creationcedre.fr\/index.php?rest_route=\/wp\/v2\/pages"}],"about":[{"href":"https:\/\/creationcedre.fr\/index.php?rest_route=\/wp\/v2\/types\/page"}],"author":[{"embeddable":true,"href":"https:\/\/creationcedre.fr\/index.php?rest_route=\/wp\/v2\/users\/1"}],"replies":[{"embeddable":true,"href":"https:\/\/creationcedre.fr\/index.php?rest_route=%2Fwp%2Fv2%2Fcomments&post=7"}],"version-history":[{"count":38,"href":"https:\/\/creationcedre.fr\/index.php?rest_route=\/wp\/v2\/pages\/7\/revisions"}],"predecessor-version":[{"id":857,"href":"https:\/\/creationcedre.fr\/index.php?rest_route=\/wp\/v2\/pages\/7\/revisions\/857"}],"wp:attachment":[{"href":"https:\/\/creationcedre.fr\/index.php?rest_route=%2Fwp%2Fv2%2Fmedia&parent=7"}],"curies":[{"name":"wp","href":"https:\/\/api.w.org\/{rel}","templated":true}]}}